{"id":1405,"date":"2020-08-14T13:07:09","date_gmt":"2020-08-14T10:07:09","guid":{"rendered":"http:\/\/vp.test:81\/vps-home\/"},"modified":"2020-10-18T22:30:59","modified_gmt":"2020-10-18T19:30:59","slug":"vps-home","status":"publish","type":"page","link":"https:\/\/mmaprojects.lv\/lv\/","title":{"rendered":"VPS Galven\u0101"},"content":{"rendered":"<h1>Elektrisk\u0101s un <br \/>meh\u0101niskas <br \/>instal\u0101cijas<\/h1>\n<p><img src=\"\/wp-content\/uploads\/what_we_do.jpg\" alt=\"\"><\/p>\n<h2>Ko m\u0113s <br \/>daram?<\/h2>\n<div>\n<p>M\u0113s veidojam unik\u0101lus projektus ar ieteikumiem un sertifik\u0101ciju.<\/p>\n<\/div>\n<div>\n<p>Daudzu gadu pieredze un specializ\u0101cija izv\u0113l\u0113taj\u0101 t\u0113m\u0101 \u013cauj m\u016bsu speci\u0101listiem pied\u0101v\u0101t tikai vispiln\u012bg\u0101kos pakalpojumus. M\u0113s pied\u0101v\u0101jam saviem klientiem pilnu pakalpojumu kl\u0101stu &#8211; s\u0101kot no augstas kvalit\u0101tes un funkcion\u0101lu iek\u0101rtu izgatavo\u0161anas p\u0113c individu\u0101la pas\u016bt\u012bjuma, l\u012bdz pat profesion\u0101lai uzst\u0101d\u012b\u0161anai un turpm\u0101k\u0101i apkope.<\/p>\n<\/div>\n<div>\n<p>    <a class=\"el-content uk-button uk-button-primary uk-button-arrow\" href=\"\/lv\/about-us\/\"><br \/>\n    <span class=\"uk-text-middle\">Las\u012bt Vair\u0101k<\/span><br \/>\n    <span uk-icon=\"long-arrow-right\" class=\"uk-icon\"><svg width=\"14\" height=\"9\" viewBox=\"0 0 14 9\" xmlns=\"http:\/\/www.w3.org\/2000\/svg\" data-svg=\"long-arrow-right\"><path d=\"M9.969 9.026c.114 0 .2-.029.258-.086l3.437-3.781c.057-.058.086-.144.086-.258 0-.115-.029-.2-.086-.258-.029-.029-1.174-1.289-3.437-3.781-.172-.172-.344-.172-.516 0-.172.172-.172.344 0 .515l2.879 3.18H.344c-.23 0-.344.115-.344.344 0 .23.115.344.344.344H12.59l-2.88 3.18c-.17.171-.17.343 0 .515.058.057.144.086.259.086z\" fill=\"#000\" fill-rule=\"nonzero\"><\/path><\/svg><br \/>\n    <\/span><br \/>\n<\/a>\n<\/div>\n<h2>Pieredze <br \/>sekojo\u0161as nozares:<\/h2>\n<div>\n<\/div>\n<h1>M\u016bsu p\u0113d\u0113jie projekti<\/h1>\n<div>\n<\/div>\n<h2>Vakances<\/h2>\n<div>\n<p>P\u0101rbaudiet m\u016bsu vakances, varb\u016bt j\u016bs <br \/>var k\u013c\u016bt par da\u013cu no m\u016bsu komandas!<\/p>\n<\/div>\n<p><a href=\"\/lv\/vacancies\/\"><\/a><\/p>\n<h1>\n<p>Vai jums ir jaut\u0101jums? <br \/>Uzrakstiet mums!<\/p>\n<\/h1>\n<div>\n<div role=\"form\" class=\"wpcf7\" id=\"wpcf7-f2061-o1\" lang=\"en-US\" dir=\"ltr\">\n<div class=\"screen-reader-response\"><p role=\"status\" aria-live=\"polite\" aria-atomic=\"true\"><\/p> <ul><\/ul><\/div>\n<form action=\"\/lv\/wp-json\/wp\/v2\/pages\/1405#wpcf7-f2061-o1\" method=\"post\" class=\"wpcf7-form init\" novalidate=\"novalidate\" data-status=\"init\">\n<div style=\"display: none;\">\n<input type=\"hidden\" name=\"_wpcf7\" value=\"2061\" \/>\n<input type=\"hidden\" name=\"_wpcf7_version\" value=\"5.3\" \/>\n<input type=\"hidden\" name=\"_wpcf7_locale\" value=\"en_US\" \/>\n<input type=\"hidden\" name=\"_wpcf7_unit_tag\" value=\"wpcf7-f2061-o1\" \/>\n<input type=\"hidden\" name=\"_wpcf7_container_post\" value=\"0\" \/>\n<input type=\"hidden\" name=\"_wpcf7_posted_data_hash\" value=\"\" \/>\n<\/div>\n<div class=\"wpcf7-response-output\" aria-hidden=\"true\"><\/div>\n<div class=\"uk-grid-large\" uk-grid>\n    <div class=\"uk-width-1-2@s\">\n        <span class=\"wpcf7-form-control-wrap client-name\"><input type=\"text\" name=\"client-name\" value=\"\" size=\"40\" class=\"wpcf7-form-control wpcf7-text wpcf7-validates-as-required uk-input uk-form-large\" aria-required=\"true\" aria-invalid=\"false\" placeholder=\"Name\" \/><\/span>\n    <\/div>\n    <div class=\"uk-width-1-2@s\">\n        <span class=\"wpcf7-form-control-wrap client-phone\"><input type=\"text\" name=\"client-phone\" value=\"\" size=\"40\" class=\"wpcf7-form-control wpcf7-text wpcf7-validates-as-required uk-input uk-form-large\" aria-required=\"true\" aria-invalid=\"false\" placeholder=\"Phone\" \/><\/span>\n    <\/div>\n    <div class=\"uk-width-1-2@s\">\n        <span class=\"wpcf7-form-control-wrap client-email\"><input type=\"email\" name=\"client-email\" value=\"\" size=\"40\" class=\"wpcf7-form-control wpcf7-text wpcf7-email wpcf7-validates-as-required wpcf7-validates-as-email uk-input uk-form-large\" id=\"email\" aria-required=\"true\" aria-invalid=\"false\" placeholder=\"Email\" \/><\/span>\n    <\/div>\n    <div class=\"uk-width-1-2@s\">\n        <span class=\"wpcf7-form-control-wrap client-subject\"><input type=\"text\" name=\"client-subject\" value=\"\" size=\"40\" class=\"wpcf7-form-control wpcf7-text wpcf7-validates-as-required uk-input uk-form-large\" aria-required=\"true\" aria-invalid=\"false\" placeholder=\"Subject\" \/><\/span>\n    <\/div>\n    <div class=\"uk-width-1-1\">\n        <span class=\"wpcf7-form-control-wrap client-message\"><textarea name=\"client-message\" cols=\"40\" rows=\"10\" class=\"wpcf7-form-control wpcf7-textarea wpcf7-validates-as-required uk-input uk-form-large\" aria-required=\"true\" aria-invalid=\"false\" placeholder=\"Message\"><\/textarea><\/span>\n    <\/div>\n    <div class=\"uk-width-1-1\">\n        <span class=\"wpcf7-form-control-wrap acceptance-946\"><span class=\"wpcf7-form-control wpcf7-acceptance\"><span class=\"wpcf7-list-item\"><label><input type=\"checkbox\" name=\"acceptance-946\" value=\"1\" aria-invalid=\"false\" class=\"uk-checkbox\" \/><span class=\"wpcf7-list-item-label\">I accept Privacy Policy which is according to the GDPR<\/span><\/label><\/span><\/span><\/span>\n    <\/div>\n<\/div>\n<button id='submit' class='wpcf7-form-control wpcf7-submit uk-button uk-button-primary uk-button-arrow'><span class=\"uk-text-middle\">Send<\/span><span uk-icon=\"long-arrow-right\" class=\"uk-icon\"><\/span><\/button><\/form><\/div><\/div>\n<p><\/p>\n","protected":false},"excerpt":{"rendered":"<p>Elektrisk\u0101s un meh\u0101niskas instal\u0101cijas Ko m\u0113s daram? M\u0113s veidojam unik\u0101lus projektus ar ieteikumiem un sertifik\u0101ciju. Daudzu gadu pieredze un specializ\u0101cija izv\u0113l\u0113taj\u0101 t\u0113m\u0101 \u013cauj m\u016bsu speci\u0101listiem pied\u0101v\u0101t tikai vispiln\u012bg\u0101kos pakalpojumus. M\u0113s pied\u0101v\u0101jam saviem klientiem pilnu pakalpojumu kl\u0101stu &#8211; s\u0101kot no augstas kvalit\u0101tes un funkcion\u0101lu iek\u0101rtu izgatavo\u0161anas p\u0113c individu\u0101la pas\u016bt\u012bjuma, l\u012bdz pat profesion\u0101lai uzst\u0101d\u012b\u0161anai un turpm\u0101k\u0101i apkope. [&hellip;]<\/p>\n","protected":false},"author":1,"featured_media":1406,"parent":0,"menu_order":1,"comment_status":"closed","ping_status":"closed","template":"","meta":[],"_links":{"self":[{"href":"https:\/\/mmaprojects.lv\/lv\/wp-json\/wp\/v2\/pages\/1405"}],"collection":[{"href":"https:\/\/mmaprojects.lv\/lv\/wp-json\/wp\/v2\/pages"}],"about":[{"href":"https:\/\/mmaprojects.lv\/lv\/wp-json\/wp\/v2\/types\/page"}],"author":[{"embeddable":true,"href":"https:\/\/mmaprojects.lv\/lv\/wp-json\/wp\/v2\/users\/1"}],"replies":[{"embeddable":true,"href":"https:\/\/mmaprojects.lv\/lv\/wp-json\/wp\/v2\/comments?post=1405"}],"version-history":[{"count":0,"href":"https:\/\/mmaprojects.lv\/lv\/wp-json\/wp\/v2\/pages\/1405\/revisions"}],"wp:featuredmedia":[{"embeddable":true,"href":"https:\/\/mmaprojects.lv\/lv\/wp-json\/wp\/v2\/media\/1406"}],"wp:attachment":[{"href":"https:\/\/mmaprojects.lv\/lv\/wp-json\/wp\/v2\/media?parent=1405"}],"curies":[{"name":"wp","href":"https:\/\/api.w.org\/{rel}","templated":true}]}}