{"id":1420,"date":"2020-08-14T13:08:02","date_gmt":"2020-08-14T10:08:02","guid":{"rendered":"http:\/\/vp.test:81\/services\/"},"modified":"2020-10-18T20:57:44","modified_gmt":"2020-10-18T17:57:44","slug":"services","status":"publish","type":"page","link":"https:\/\/mmaprojects.lv\/lv\/services\/","title":{"rendered":"Pakalpojumi"},"content":{"rendered":"<h1>Uzziniet vair\u0101k <br \/>par m\u016bsu<br \/>pakalpojumiem<\/h1>\n<h2>Kvalit\u0101te un <br \/>\u0101trums: t\u0101 ir m\u016bsu <br \/>priek\u0161roc\u012bba<\/h2>\n<h1>Vai jums ir jaut\u0101jums? <br \/>Uzrakstiet mums!<\/h1>\n<div>\n<div role=\"form\" class=\"wpcf7\" id=\"wpcf7-f2061-o1\" lang=\"en-US\" dir=\"ltr\">\n<div class=\"screen-reader-response\"><p role=\"status\" aria-live=\"polite\" aria-atomic=\"true\"><\/p> <ul><\/ul><\/div>\n<form action=\"\/lv\/wp-json\/wp\/v2\/pages\/1420#wpcf7-f2061-o1\" method=\"post\" class=\"wpcf7-form init\" novalidate=\"novalidate\" data-status=\"init\">\n<div style=\"display: none;\">\n<input type=\"hidden\" name=\"_wpcf7\" value=\"2061\" \/>\n<input type=\"hidden\" name=\"_wpcf7_version\" value=\"5.3\" \/>\n<input type=\"hidden\" name=\"_wpcf7_locale\" value=\"en_US\" \/>\n<input type=\"hidden\" name=\"_wpcf7_unit_tag\" value=\"wpcf7-f2061-o1\" \/>\n<input type=\"hidden\" name=\"_wpcf7_container_post\" value=\"0\" \/>\n<input type=\"hidden\" name=\"_wpcf7_posted_data_hash\" value=\"\" \/>\n<\/div>\n<div class=\"wpcf7-response-output\" aria-hidden=\"true\"><\/div>\n<div class=\"uk-grid-large\" uk-grid>\n    <div class=\"uk-width-1-2@s\">\n        <span class=\"wpcf7-form-control-wrap client-name\"><input type=\"text\" name=\"client-name\" value=\"\" size=\"40\" class=\"wpcf7-form-control wpcf7-text wpcf7-validates-as-required uk-input uk-form-large\" aria-required=\"true\" aria-invalid=\"false\" placeholder=\"Name\" \/><\/span>\n    <\/div>\n    <div class=\"uk-width-1-2@s\">\n        <span class=\"wpcf7-form-control-wrap client-phone\"><input type=\"text\" name=\"client-phone\" value=\"\" size=\"40\" class=\"wpcf7-form-control wpcf7-text wpcf7-validates-as-required uk-input uk-form-large\" aria-required=\"true\" aria-invalid=\"false\" placeholder=\"Phone\" \/><\/span>\n    <\/div>\n    <div class=\"uk-width-1-2@s\">\n        <span class=\"wpcf7-form-control-wrap client-email\"><input type=\"email\" name=\"client-email\" value=\"\" size=\"40\" class=\"wpcf7-form-control wpcf7-text wpcf7-email wpcf7-validates-as-required wpcf7-validates-as-email uk-input uk-form-large\" id=\"email\" aria-required=\"true\" aria-invalid=\"false\" placeholder=\"Email\" \/><\/span>\n    <\/div>\n    <div class=\"uk-width-1-2@s\">\n        <span class=\"wpcf7-form-control-wrap client-subject\"><input type=\"text\" name=\"client-subject\" value=\"\" size=\"40\" class=\"wpcf7-form-control wpcf7-text wpcf7-validates-as-required uk-input uk-form-large\" aria-required=\"true\" aria-invalid=\"false\" placeholder=\"Subject\" \/><\/span>\n    <\/div>\n    <div class=\"uk-width-1-1\">\n        <span class=\"wpcf7-form-control-wrap client-message\"><textarea name=\"client-message\" cols=\"40\" rows=\"10\" class=\"wpcf7-form-control wpcf7-textarea wpcf7-validates-as-required uk-input uk-form-large\" aria-required=\"true\" aria-invalid=\"false\" placeholder=\"Message\"><\/textarea><\/span>\n    <\/div>\n    <div class=\"uk-width-1-1\">\n        <span class=\"wpcf7-form-control-wrap acceptance-946\"><span class=\"wpcf7-form-control wpcf7-acceptance\"><span class=\"wpcf7-list-item\"><label><input type=\"checkbox\" name=\"acceptance-946\" value=\"1\" aria-invalid=\"false\" class=\"uk-checkbox\" \/><span class=\"wpcf7-list-item-label\">I accept Privacy Policy which is according to the GDPR<\/span><\/label><\/span><\/span><\/span>\n    <\/div>\n<\/div>\n<button id='submit' class='wpcf7-form-control wpcf7-submit uk-button uk-button-primary uk-button-arrow'><span class=\"uk-text-middle\">Send<\/span><span uk-icon=\"long-arrow-right\" class=\"uk-icon\"><\/span><\/button><\/form><\/div><\/div>\n<p><\/p>\n","protected":false},"excerpt":{"rendered":"<p>Uzziniet vair\u0101k par m\u016bsupakalpojumiem Kvalit\u0101te un \u0101trums: t\u0101 ir m\u016bsu priek\u0161roc\u012bba Vai jums ir jaut\u0101jums? Uzrakstiet mums!<\/p>\n","protected":false},"author":1,"featured_media":1421,"parent":0,"menu_order":5,"comment_status":"closed","ping_status":"closed","template":"","meta":[],"_links":{"self":[{"href":"https:\/\/mmaprojects.lv\/lv\/wp-json\/wp\/v2\/pages\/1420"}],"collection":[{"href":"https:\/\/mmaprojects.lv\/lv\/wp-json\/wp\/v2\/pages"}],"about":[{"href":"https:\/\/mmaprojects.lv\/lv\/wp-json\/wp\/v2\/types\/page"}],"author":[{"embeddable":true,"href":"https:\/\/mmaprojects.lv\/lv\/wp-json\/wp\/v2\/users\/1"}],"replies":[{"embeddable":true,"href":"https:\/\/mmaprojects.lv\/lv\/wp-json\/wp\/v2\/comments?post=1420"}],"version-history":[{"count":0,"href":"https:\/\/mmaprojects.lv\/lv\/wp-json\/wp\/v2\/pages\/1420\/revisions"}],"wp:featuredmedia":[{"embeddable":true,"href":"https:\/\/mmaprojects.lv\/lv\/wp-json\/wp\/v2\/media\/1421"}],"wp:attachment":[{"href":"https:\/\/mmaprojects.lv\/lv\/wp-json\/wp\/v2\/media?parent=1420"}],"curies":[{"name":"wp","href":"https:\/\/api.w.org\/{rel}","templated":true}]}}