{"id":1428,"date":"2020-08-14T13:08:13","date_gmt":"2020-08-14T10:08:13","guid":{"rendered":"http:\/\/vp.test:81\/about-us\/"},"modified":"2020-10-18T22:31:26","modified_gmt":"2020-10-18T19:31:26","slug":"about-us","status":"publish","type":"page","link":"https:\/\/mmaprojects.lv\/lv\/about-us\/","title":{"rendered":"Par mums"},"content":{"rendered":"<h2>Kur ir svar\u012bga <br \/>katra deta\u013ca<\/h2>\n<h1>Nav pr\u0101t\u012bgi p\u0101rk\u0101pt <br \/>noteikumus, kam\u0113r nezin\u0101t, <br \/>k\u0101 tos iev\u0113rot.<\/h1>\n<div>M\u016bsdienu tehnolo\u0123ijas att\u012bst\u0101s strauji, un m\u0113s cen\u0161amies p\u0101r\u0146emt progres\u012bvo pieredzi, past\u0101v\u012bgi pilnveidojot un paaugstinot person\u0101la kvalifik\u0101cija. <\/div>\n<p><img src=\"\/wp-content\/uploads\/about_page.jpg\" alt=\"\"><\/p>\n<div>\n<p>Jebkuras iek\u0101rtas nep\u0101rtraukts darbs nodro\u0161ina biznesa att\u012bst\u012bbas stabilit\u0101ti, un tie\u0161i t\u0101p\u0113c m\u0113s esam liku\u0161i likmi augstu apkalpo\u0161anas kvalit\u0101tei. meh\u0101nisk\u0101s un elektrisk\u0101s iek\u0101rtas. Ilggad\u012bg\u0101 darba pieredze un augst\u0101 meistaru kvalifik\u0101cija \u013cauj veikt visus darbus piln\u0101 atbilsto\u0161i pras\u012bb\u0101m EHS standarti un dro\u0161\u012bbas normas, str\u0101d\u0101jot ar produktiem.<\/p>\n<p>Katram uz\u0146\u0113m\u0113jam labi zin\u0101ms, ka uz\u0146\u0113mums bez att\u012bst\u012bbas s\u0101k zaud\u0113t, un ar laiku draud p\u0101rtapt par zaud\u0113jumu. Lai nepie\u013cautu nepat\u012bkamas sekas ir past\u0101v\u012bgi ieguld\u012bt l\u012bdzek\u013cus biznesa att\u012bst\u012bb\u0101, atrodot jaunus veidus produkcijas kvalit\u0101tes uzlabo\u0161anai un izmekl\u0113jot veidus izmaksu samazin\u0101\u0161anai. M\u016bsu speci\u0101listu komanda ir gatava pal\u012bdz\u0113t atrast piem\u0113rotu risin\u0101jumu jebkuram ra\u017eo\u0161anas veidam. Da\u017ek\u0101rt skats no malas \u013cauj atrast nestandarta optimiz\u0101cijas variantu, tas b\u016btiski ietekm\u0113s uz\u0146\u0113muma att\u012bst\u012bbu.<\/p>\n<\/div>\n<h2>M\u0113s str\u0101d\u0101jam ASV, <br \/>Anglija un Eiropa<\/h2>\n<div>\n<p>M\u016bsu past\u0101v\u012bgie partneri zina, ka m\u016bsu komanda vienm\u0113r ir gatava atrast optim\u0101lu risin\u0101jumu, kas piemerpts abam pusem.<\/p>\n<\/div>\n<div>\n<p>M\u0113s esam v\u0113r\u012bgi pret m\u016bsu klientu v\u0113lm\u0113m un cen\u0161amies pied\u0101v\u0101t tikai vislab\u0101ko un optim\u0101l\u0101ko risin\u0101jumu katram uzdevumam. M\u0113s esam piln\u012bgi p\u0101rliecin\u0101ti, ka negad\u012bjumi nenotiek, ir tikai j\u0101skat\u0101s uz situ\u0101ciju zem otra le\u0146\u0137a. \u0160\u0101da pieeja lietai \u013cauj m\u016bsu speci\u0101listiem kvalitat\u012bvi un \u0101tri pal\u012bdz\u0113t m\u016bsu klientiem uztic\u012bgo mekl\u0113\u0161anas jaut\u0101jumos, lai risin\u0101tu biznesa labkl\u0101j\u012bbu.<\/p>\n<\/div>\n<p><img src=\"\/wp-content\/uploads\/map.png\" alt=\"\"><\/p>\n<h3>We are hiring<\/h3>\n<div>\n<p>\u0421heck our vacancies, maybe you <br \/>can become a part of our team!<\/p>\n<\/div>\n<p><a href=\"\/lv\/vacancies\/\"><\/a><\/p>\n<h1>\n<p>Vai jums ir jaut\u0101jums? <br \/>Uzrakstiet mums!<\/p>\n<\/h1>\n<div>\n<div role=\"form\" class=\"wpcf7\" id=\"wpcf7-f2061-o1\" lang=\"en-US\" dir=\"ltr\">\n<div class=\"screen-reader-response\"><p role=\"status\" aria-live=\"polite\" aria-atomic=\"true\"><\/p> <ul><\/ul><\/div>\n<form action=\"\/lv\/wp-json\/wp\/v2\/pages\/1428#wpcf7-f2061-o1\" method=\"post\" class=\"wpcf7-form init\" novalidate=\"novalidate\" data-status=\"init\">\n<div style=\"display: none;\">\n<input type=\"hidden\" name=\"_wpcf7\" value=\"2061\" \/>\n<input type=\"hidden\" name=\"_wpcf7_version\" value=\"5.3\" \/>\n<input type=\"hidden\" name=\"_wpcf7_locale\" value=\"en_US\" \/>\n<input type=\"hidden\" name=\"_wpcf7_unit_tag\" value=\"wpcf7-f2061-o1\" \/>\n<input type=\"hidden\" name=\"_wpcf7_container_post\" value=\"0\" \/>\n<input type=\"hidden\" name=\"_wpcf7_posted_data_hash\" value=\"\" \/>\n<\/div>\n<div class=\"wpcf7-response-output\" aria-hidden=\"true\"><\/div>\n<div class=\"uk-grid-large\" uk-grid>\n    <div class=\"uk-width-1-2@s\">\n        <span class=\"wpcf7-form-control-wrap client-name\"><input type=\"text\" name=\"client-name\" value=\"\" size=\"40\" class=\"wpcf7-form-control wpcf7-text wpcf7-validates-as-required uk-input uk-form-large\" aria-required=\"true\" aria-invalid=\"false\" placeholder=\"Name\" \/><\/span>\n    <\/div>\n    <div class=\"uk-width-1-2@s\">\n        <span class=\"wpcf7-form-control-wrap client-phone\"><input type=\"text\" name=\"client-phone\" value=\"\" size=\"40\" class=\"wpcf7-form-control wpcf7-text wpcf7-validates-as-required uk-input uk-form-large\" aria-required=\"true\" aria-invalid=\"false\" placeholder=\"Phone\" \/><\/span>\n    <\/div>\n    <div class=\"uk-width-1-2@s\">\n        <span class=\"wpcf7-form-control-wrap client-email\"><input type=\"email\" name=\"client-email\" value=\"\" size=\"40\" class=\"wpcf7-form-control wpcf7-text wpcf7-email wpcf7-validates-as-required wpcf7-validates-as-email uk-input uk-form-large\" id=\"email\" aria-required=\"true\" aria-invalid=\"false\" placeholder=\"Email\" \/><\/span>\n    <\/div>\n    <div class=\"uk-width-1-2@s\">\n        <span class=\"wpcf7-form-control-wrap client-subject\"><input type=\"text\" name=\"client-subject\" value=\"\" size=\"40\" class=\"wpcf7-form-control wpcf7-text wpcf7-validates-as-required uk-input uk-form-large\" aria-required=\"true\" aria-invalid=\"false\" placeholder=\"Subject\" \/><\/span>\n    <\/div>\n    <div class=\"uk-width-1-1\">\n        <span class=\"wpcf7-form-control-wrap client-message\"><textarea name=\"client-message\" cols=\"40\" rows=\"10\" class=\"wpcf7-form-control wpcf7-textarea wpcf7-validates-as-required uk-input uk-form-large\" aria-required=\"true\" aria-invalid=\"false\" placeholder=\"Message\"><\/textarea><\/span>\n    <\/div>\n    <div class=\"uk-width-1-1\">\n        <span class=\"wpcf7-form-control-wrap acceptance-946\"><span class=\"wpcf7-form-control wpcf7-acceptance\"><span class=\"wpcf7-list-item\"><label><input type=\"checkbox\" name=\"acceptance-946\" value=\"1\" aria-invalid=\"false\" class=\"uk-checkbox\" \/><span class=\"wpcf7-list-item-label\">I accept Privacy Policy which is according to the GDPR<\/span><\/label><\/span><\/span><\/span>\n    <\/div>\n<\/div>\n<button id='submit' class='wpcf7-form-control wpcf7-submit uk-button uk-button-primary uk-button-arrow'><span class=\"uk-text-middle\">Send<\/span><span uk-icon=\"long-arrow-right\" class=\"uk-icon\"><\/span><\/button><\/form><\/div><\/div>\n<p><\/p>\n","protected":false},"excerpt":{"rendered":"<p>Kur ir svar\u012bga katra deta\u013ca Nav pr\u0101t\u012bgi p\u0101rk\u0101pt noteikumus, kam\u0113r nezin\u0101t, k\u0101 tos iev\u0113rot. M\u016bsdienu tehnolo\u0123ijas att\u012bst\u0101s strauji, un m\u0113s cen\u0161amies p\u0101r\u0146emt progres\u012bvo pieredzi, past\u0101v\u012bgi pilnveidojot un paaugstinot person\u0101la kvalifik\u0101cija. Jebkuras iek\u0101rtas nep\u0101rtraukts darbs nodro\u0161ina biznesa att\u012bst\u012bbas stabilit\u0101ti, un tie\u0161i t\u0101p\u0113c m\u0113s esam liku\u0161i likmi augstu apkalpo\u0161anas kvalit\u0101tei. meh\u0101nisk\u0101s un elektrisk\u0101s iek\u0101rtas. Ilggad\u012bg\u0101 darba pieredze [&hellip;]<\/p>\n","protected":false},"author":1,"featured_media":1429,"parent":0,"menu_order":8,"comment_status":"closed","ping_status":"closed","template":"","meta":[],"_links":{"self":[{"href":"https:\/\/mmaprojects.lv\/lv\/wp-json\/wp\/v2\/pages\/1428"}],"collection":[{"href":"https:\/\/mmaprojects.lv\/lv\/wp-json\/wp\/v2\/pages"}],"about":[{"href":"https:\/\/mmaprojects.lv\/lv\/wp-json\/wp\/v2\/types\/page"}],"author":[{"embeddable":true,"href":"https:\/\/mmaprojects.lv\/lv\/wp-json\/wp\/v2\/users\/1"}],"replies":[{"embeddable":true,"href":"https:\/\/mmaprojects.lv\/lv\/wp-json\/wp\/v2\/comments?post=1428"}],"version-history":[{"count":0,"href":"https:\/\/mmaprojects.lv\/lv\/wp-json\/wp\/v2\/pages\/1428\/revisions"}],"wp:featuredmedia":[{"embeddable":true,"href":"https:\/\/mmaprojects.lv\/lv\/wp-json\/wp\/v2\/media\/1429"}],"wp:attachment":[{"href":"https:\/\/mmaprojects.lv\/lv\/wp-json\/wp\/v2\/media?parent=1428"}],"curies":[{"name":"wp","href":"https:\/\/api.w.org\/{rel}","templated":true}]}}