{"id":1742,"date":"2020-08-14T13:08:22","date_gmt":"2020-08-14T10:08:22","guid":{"rendered":"http:\/\/vp.test\/vacancies\/"},"modified":"2020-11-16T11:30:39","modified_gmt":"2020-11-16T08:30:39","slug":"vacancies","status":"publish","type":"page","link":"https:\/\/mmaprojects.lv\/lv\/vacancies\/","title":{"rendered":"Vakances"},"content":{"rendered":"<h1>\n<p>Ien\u0101c. <br \/>M\u0113s <br \/>pie\u0146emam darb\u0101!<\/p>\n<\/h1>\n<h1>Centieties rad\u012bt <br \/>vislab\u0101ko iespaidu<\/h1>\n<h3>Elektri\u0137is<\/h3>\n<h4>Pras\u012bbas:<\/h4>\n<ul>\n<li>\n<div>\n<p>Atbilsto\u0161a vid\u0113j\u0101 profesion\u0101l\u0101 izgl\u012bt\u012bba;<\/p>\n<\/div>\n<\/li>\n<li>\n<div>\n<p>Iepriek\u0161\u0113ja darba pieredze ;<\/p>\n<\/div>\n<\/li>\n<li>\n<div>\n<p>V\u0113lme apg\u016bt jaunas zin\u0101\u0161anas, sp\u0113ja str\u0101d\u0101t komand\u0101; bez kait\u012bgiem ieradumiem;<\/p>\n<\/div>\n<\/li>\n<li>\n<div>\n<p>Atbilst\u012bba dro\u0161\u012bbas noteikumiem un ugunsdro\u0161\u012bbas noteikumiem;<\/p>\n<\/div>\n<\/li>\n<\/ul>\n<h3>Elektromeh\u0101ni\u0137is<\/h3>\n<h4>Pras\u012bbas:<\/h4>\n<ul>\n<li>\n<div>\n<p>Vid\u0113j\u0101 profesion\u0101l\u0101 (tehnisk\u0101) izgl\u012bt\u012bba;<\/p>\n<\/div>\n<\/li>\n<li>\n<div>\n<p>In\u017eeniertehnisko sist\u0113mu, tirdzniec\u012bbas un ra\u017eo\u0161anas iek\u0101rtu remonts un apkope;<\/p>\n<\/div>\n<\/li>\n<li>\n<div>\n<p>P\u0101rzin\u0101t remontdarbu veik\u0161anas noteikumus;<\/p>\n<\/div>\n<\/li>\n<li>\n<div>\n<p>Atbild\u012bba par vi\u0146u r\u012bc\u012bbu;<\/p>\n<\/div>\n<\/li>\n<li>\n<div>\n<p>Sp\u0113ja veidot attiec\u012bbas komand\u0101;<\/p>\n<\/div>\n<\/li>\n<\/ul>\n<p><\/p>\n","protected":false},"excerpt":{"rendered":"<p>Ien\u0101c. M\u0113s pie\u0146emam darb\u0101! Centieties rad\u012bt vislab\u0101ko iespaidu Elektri\u0137is Pras\u012bbas: Atbilsto\u0161a vid\u0113j\u0101 profesion\u0101l\u0101 izgl\u012bt\u012bba; Iepriek\u0161\u0113ja darba pieredze ; V\u0113lme apg\u016bt jaunas zin\u0101\u0161anas, sp\u0113ja str\u0101d\u0101t komand\u0101; bez kait\u012bgiem ieradumiem; Atbilst\u012bba dro\u0161\u012bbas noteikumiem un ugunsdro\u0161\u012bbas noteikumiem; Elektromeh\u0101ni\u0137is Pras\u012bbas: Vid\u0113j\u0101 profesion\u0101l\u0101 (tehnisk\u0101) izgl\u012bt\u012bba; In\u017eeniertehnisko sist\u0113mu, tirdzniec\u012bbas un ra\u017eo\u0161anas iek\u0101rtu remonts un apkope; P\u0101rzin\u0101t remontdarbu veik\u0161anas noteikumus; Atbild\u012bba par [&hellip;]<\/p>\n","protected":false},"author":1,"featured_media":1725,"parent":0,"menu_order":10,"comment_status":"closed","ping_status":"closed","template":"","meta":[],"_links":{"self":[{"href":"https:\/\/mmaprojects.lv\/lv\/wp-json\/wp\/v2\/pages\/1742"}],"collection":[{"href":"https:\/\/mmaprojects.lv\/lv\/wp-json\/wp\/v2\/pages"}],"about":[{"href":"https:\/\/mmaprojects.lv\/lv\/wp-json\/wp\/v2\/types\/page"}],"author":[{"embeddable":true,"href":"https:\/\/mmaprojects.lv\/lv\/wp-json\/wp\/v2\/users\/1"}],"replies":[{"embeddable":true,"href":"https:\/\/mmaprojects.lv\/lv\/wp-json\/wp\/v2\/comments?post=1742"}],"version-history":[{"count":0,"href":"https:\/\/mmaprojects.lv\/lv\/wp-json\/wp\/v2\/pages\/1742\/revisions"}],"wp:featuredmedia":[{"embeddable":true,"href":"https:\/\/mmaprojects.lv\/lv\/wp-json\/wp\/v2\/media\/1725"}],"wp:attachment":[{"href":"https:\/\/mmaprojects.lv\/lv\/wp-json\/wp\/v2\/media?parent=1742"}],"curies":[{"name":"wp","href":"https:\/\/api.w.org\/{rel}","templated":true}]}}