{"id":1903,"date":"2020-08-14T09:55:09","date_gmt":"2020-08-14T06:55:09","guid":{"rendered":"http:\/\/vp.test\/privacy-policy\/"},"modified":"2020-10-19T18:15:33","modified_gmt":"2020-10-19T15:15:33","slug":"privacy-policy","status":"publish","type":"page","link":"https:\/\/mmaprojects.lv\/lv\/privacy-policy\/","title":{"rendered":"Priv\u0101tuma politika"},"content":{"rendered":"<h2>\n<p><strong>VPS ROJECTS SIA<br \/><\/strong><\/p>\n<\/h2>\n<div>\n<p>M\u0113s cien\u0101m j\u016bsu priv\u0101tumu un r\u016bp\u0113jamies par j\u016bsu personas datu apstr\u0101des atbilst\u012bbu likumiem un noteikumiem. J\u016bs varat mums uztic\u0113t savus personas datus.<\/p>\n<p>Personas dati &#8211; jebkura inform\u0101cija par identific\u0113tu vai identific\u0113jamu fizisku personu.<\/p>\n<p>Priv\u0101tuma politikas m\u0113r\u0137is ir sniegt jums inform\u0101ciju par personas datu apstr\u0101des m\u0113r\u0137i, apjomu, aizsardz\u012bbu, k\u0101 ar\u012b par j\u016bsu ties\u012bb\u0101m.<\/p>\n<p>Personas datu apstr\u0101des p\u0101rzinis ir VPS ROJECTS SIA;<\/p>\n<\/div>\n<h2>VPS ROJECTS SIA apstr\u0101d\u0101 personas datus \u0161\u0101diem m\u0113r\u0137iem:<\/h2>\n<ul>\n<li>\n<div>\n<p>sagatavot un nosl\u0113gt l\u012bgumu;<\/p>\n<\/div>\n<\/li>\n<li>\n<div>\n<p>identific\u0113t klientu;<\/p>\n<\/div>\n<\/li>\n<li>\n<div>\n<p>apkalpot klientu;<\/p>\n<\/div>\n<\/li>\n<li>\n<div>\n<p>nodro\u0161in\u0101t pakalpojumu snieg\u0161anu;<\/p>\n<\/div>\n<\/li>\n<li>\n<div>\n<p>uzlabot pakalpojumu kvalit\u0101ti;<\/p>\n<\/div>\n<\/li>\n<li>\n<div>\n<p>att\u012bst\u012bt jaunus pakalpojumus;<\/p>\n<\/div>\n<\/li>\n<li>\n<div>\n<p>izskat\u012bt iebildumus, pretenzijas, s\u016bdz\u012bbas, ierosin\u0101jumus, pazi\u0146ojumus un citus pieteikumus;<\/p>\n<\/div>\n<\/li>\n<li>\n<div>\n<p>uztur\u0113t kontaktus;<\/p>\n<\/div>\n<\/li>\n<li>\n<div>\n<p>administr\u0113t maks\u0101jumus;<\/p>\n<\/div>\n<\/li>\n<li>\n<div>\n<p>piedz\u012bt par\u0101dus;<\/p>\n<\/div>\n<\/li>\n<li>\n<div>\n<p>uztur\u0113t un analiz\u0113t statistikas datus;<\/p>\n<\/div>\n<\/li>\n<li>\n<div>\n<p>veikt tirgus izp\u0113ti;<\/p>\n<\/div>\n<\/li>\n<li>\n<div>\n<p>reklam\u0113t jaunus pakalpojumus un preces;<\/p>\n<\/div>\n<\/li>\n<li>\n<div>\n<p>pazi\u0146ot par jaunumiem;<\/p>\n<\/div>\n<\/li>\n<li>\n<div>\n<p>jebkuram citam m\u0113r\u0137im, ja klients par to ir inform\u0113ts.<\/p>\n<\/div>\n<\/li>\n<\/ul>\n<h2>Personas datu apstr\u0101des juridiskais pamats:<\/h2>\n<ul>\n<li>\n<div>\n<p>likumu un noteikumu iev\u0113ro\u0161ana (piem\u0113ram, Gr\u0101matved\u012bbas likums, Elektronisko sakaru likums utt.);<\/p>\n<\/div>\n<\/li>\n<li>\n<div>\n<p>l\u012bgumu ar klientu;<\/p>\n<\/div>\n<\/li>\n<li>\n<div>\n<p>da\u017eos gad\u012bjumos ar klienta piekri\u0161anu;<\/p>\n<\/div>\n<\/li>\n<li>\n<div>\n<p>lai \u012bstenotu p\u0101rzi\u0146a vai tre\u0161\u0101s personas, kurai personas dati tiek atkl\u0101ti, likum\u012bg\u0101s intereses, iev\u0113rojot datu subjekta pamatties\u012bbas un br\u012bv\u012bbas.<\/p>\n<\/div>\n<\/li>\n<li>\n<div>\n<p>SIA VPS ROJECTS nodro\u0161ina, past\u0101v\u012bgo p\u0101rskatu un uzlabo aizsardz\u012bbas pas\u0101kumus, k\u0101 ar\u012b izmanto modernas tehnolo\u0123ijas, lai aizsarg\u0101tu savu darbinieku un klientu personas datus. VPS ROJECTS SIA aizsarg\u0101 j\u016bsu datus ar fiziskiem un lo\u0123iskiem aizsardz\u012bbas l\u012bdzek\u013ciem.<\/p>\n<\/div>\n<\/li>\n<\/ul>\n<h2>Personas datu p\u0101rs\u016bt\u012b\u0161ana<\/h2>\n<div>\n<p>Lai izpild\u012btu m\u016bsu juridisk\u0101s saist\u012bbas, likum\u0101 paredz\u0113tajos gad\u012bjumos m\u0113s varam p\u0101rs\u016bt\u012bt j\u016bsu personas datus ties\u012bbaizsardz\u012bbas iest\u0101d\u0113m, k\u0101 ar\u012b valsts un pa\u0161vald\u012bbu instit\u016bcij\u0101m.<\/p>\n<p>M\u0113s varam p\u0101rs\u016bt\u012bt j\u016bsu personas datus valsts un pa\u0161vald\u012bbu instit\u016bcij\u0101m, k\u0101 ar\u012b par\u0101da piedzi\u0146as pakalpojumu sniedz\u0113jiem, lai piepras\u012btu m\u016bsu likum\u012bg\u0101s intereses.<\/p>\n<p>Da\u017eos gad\u012bjumos m\u0113s p\u0101rs\u016bt\u0101m j\u016bsu personas datus uz\u0146\u0113mumiem, kas sniedz mums \u0101r\u0113jos pakalpojumus (piem\u0113ram, banka un citu nor\u0113\u0137inu sist\u0113mu pakalpojumus, \u0101rpustiesas par\u0101du piedzin\u0113jus, finan\u0161u un nodok\u013cu rev\u012bziju utt.). \u0160ie uz\u0146\u0113mumi var apstr\u0101d\u0101t j\u016bsu personas datus tikai saska\u0146\u0101 ar m\u016bsu nor\u0101d\u012bjumiem, un tie nedr\u012bkst izmantot j\u016bsu datus citiem m\u0113r\u0137iem. \u0160iem uz\u0146\u0113mumiem ir j\u0101iev\u0113ro atbilsto\u0161a personas datu aizsardz\u012bbas pak\u0101pe saska\u0146\u0101 ar ties\u012bbu aktiem un m\u016bsu sadarb\u012bbas l\u012bgumu.<\/p>\n<\/div>\n<h2>Personas datu glab\u0101\u0161anas periods:<\/h2>\n<ul>\n<li>\n<div>\n<p>j\u016bsu dati tiks apstr\u0101d\u0101ti tik ilgi, kam\u0113r b\u016bs sp\u0113k\u0101 l\u012bgums, vai tik ilgi, kam\u0113r b\u016bs sp\u0113k\u0101 l\u012bguma pras\u012bbu noilguma termi\u0146\u0161;<\/p>\n<\/div>\n<\/li>\n<li>\n<div>\n<p>kam\u0113r puses var \u012bstenot savas likum\u012bg\u0101s intereses;<\/p>\n<\/div>\n<\/li>\n<li>\n<div>\n<p>saska\u0146\u0101 ar likumu;<\/p>\n<\/div>\n<\/li>\n<li>\n<div>\n<p>kam\u0113r klienta piekri\u0161ana personas datu apstr\u0101dei ir sp\u0113k\u0101, ja apstr\u0101dei nav cita juridiska pamata.<\/p>\n<\/div>\n<\/li>\n<\/ul>\n<h2>J\u016bsu ties\u012bbas:<\/h2>\n<ul>\n<li>\n<div>\n<p>zin\u0101t, vai m\u0113s apstr\u0101d\u0101jam j\u016bsu personas datus;<\/p>\n<\/div>\n<\/li>\n<li>\n<div>\n<p>gad\u012bjum\u0101, ja m\u0113s apstr\u0101d\u0101jam j\u016bsu personas datus, jums ir ties\u012bbas piek\u013c\u016bt attiec\u012bgajai inform\u0101cijai;<\/p>\n<\/div>\n<\/li>\n<li>\n<div>\n<p>ja inform\u0101cija par jums ir nepareiza vai nepiln\u012bga, jums ir ties\u012bbas sniegt mums jaun\u0101ko inform\u0101ciju un piepras\u012bt t\u0101s labojumus<\/p>\n<\/div>\n<\/li>\n<li>\n<div>\n<p>atsaukt piekri\u0161anu;<\/p>\n<\/div>\n<\/li>\n<li>\n<div>\n<p>da\u017eos gad\u012bjumos jums ir ties\u012bbas iebilst pret savu datu apstr\u0101di, piepras\u012bt datu apstr\u0101des ierobe\u017eo\u0161anu, piepras\u012bt datu dz\u0113\u0161anu.<\/p>\n<\/div>\n<\/li>\n<li>\n<div>\n<p>M\u0113s j\u016bs inform\u0113jam, ka \u0161\u012bs ties\u012bbas ir \u012bstenojamas tikai saska\u0146\u0101 ar likuma pras\u012bb\u0101m; turkl\u0101t m\u016bsu uz\u0146\u0113mumi patur ties\u012bbas atteikties veikt iepriek\u0161min\u0113t\u0101s darb\u012bbas, pamatojoties uz likumiem un noteikumiem;<\/p>\n<\/div>\n<\/li>\n<li>\n<div>\n<p>sa\u0146emt un \/ vai p\u0101rs\u016bt\u012bt personas datus citam p\u0101rzinim. Iepriek\u0161 min\u0113tais attiecas tikai uz datiem, kurus esat mums sniegu\u0161as, pamatojoties uz j\u016bsu piekri\u0161anu vai l\u012bgumu un ja apstr\u0101de ir automatiz\u0113ta.<\/p>\n<\/div>\n<\/li>\n<\/ul>\n<div>\n<p>J\u016bs varat \u012bstenot savas ties\u012bbas, tikai pamatojoties uz rakstisku piepras\u012bjumu (ieskaitot piepras\u012bjumus, kas parakst\u012bti ar dro\u0161iem elektroniskiem parakstiem). M\u0113s sniegsim atbildes likum\u0101 noteiktaj\u0101 termi\u0146\u0101.<\/p>\n<p>M\u0113s regul\u0101ri atjaunin\u0101sim \u0161o konfidencialit\u0101tes politiku. L\u016bdzu, sekojiet izmai\u0146\u0101m.<\/p>\n<p>Ja jums ir k\u0101di jaut\u0101jumi par personas datu apstr\u0101di, l\u016bdzu, sazinieties ar mums: <br \/><strong><a href=\"mailto:info@mmaprojects.lv\">info@mmaprojects.lv<\/a> <\/strong><br \/><a href=\"tel:+37129412320\">+<strong>371 29 412 320<\/strong><\/a><\/p>\n<\/div>\n<h1>\n<p>Have a question? <br \/>Text to us!<\/p>\n<\/h1>\n<div>\n<div role=\"form\" class=\"wpcf7\" id=\"wpcf7-f2061-o1\" lang=\"en-US\" dir=\"ltr\">\n<div class=\"screen-reader-response\"><p role=\"status\" aria-live=\"polite\" aria-atomic=\"true\"><\/p> <ul><\/ul><\/div>\n<form action=\"\/lv\/wp-json\/wp\/v2\/pages\/1903#wpcf7-f2061-o1\" method=\"post\" class=\"wpcf7-form init\" novalidate=\"novalidate\" data-status=\"init\">\n<div style=\"display: none;\">\n<input type=\"hidden\" name=\"_wpcf7\" value=\"2061\" \/>\n<input type=\"hidden\" name=\"_wpcf7_version\" value=\"5.3\" \/>\n<input type=\"hidden\" name=\"_wpcf7_locale\" value=\"en_US\" \/>\n<input type=\"hidden\" name=\"_wpcf7_unit_tag\" value=\"wpcf7-f2061-o1\" \/>\n<input type=\"hidden\" name=\"_wpcf7_container_post\" value=\"0\" \/>\n<input type=\"hidden\" name=\"_wpcf7_posted_data_hash\" value=\"\" \/>\n<\/div>\n<div class=\"wpcf7-response-output\" aria-hidden=\"true\"><\/div>\n<div class=\"uk-grid-large\" uk-grid>\n    <div class=\"uk-width-1-2@s\">\n        <span class=\"wpcf7-form-control-wrap client-name\"><input type=\"text\" name=\"client-name\" value=\"\" size=\"40\" class=\"wpcf7-form-control wpcf7-text wpcf7-validates-as-required uk-input uk-form-large\" aria-required=\"true\" aria-invalid=\"false\" placeholder=\"Name\" \/><\/span>\n    <\/div>\n    <div class=\"uk-width-1-2@s\">\n        <span class=\"wpcf7-form-control-wrap client-phone\"><input type=\"text\" name=\"client-phone\" value=\"\" size=\"40\" class=\"wpcf7-form-control wpcf7-text wpcf7-validates-as-required uk-input uk-form-large\" aria-required=\"true\" aria-invalid=\"false\" placeholder=\"Phone\" \/><\/span>\n    <\/div>\n    <div class=\"uk-width-1-2@s\">\n        <span class=\"wpcf7-form-control-wrap client-email\"><input type=\"email\" name=\"client-email\" value=\"\" size=\"40\" class=\"wpcf7-form-control wpcf7-text wpcf7-email wpcf7-validates-as-required wpcf7-validates-as-email uk-input uk-form-large\" id=\"email\" aria-required=\"true\" aria-invalid=\"false\" placeholder=\"Email\" \/><\/span>\n    <\/div>\n    <div class=\"uk-width-1-2@s\">\n        <span class=\"wpcf7-form-control-wrap client-subject\"><input type=\"text\" name=\"client-subject\" value=\"\" size=\"40\" class=\"wpcf7-form-control wpcf7-text wpcf7-validates-as-required uk-input uk-form-large\" aria-required=\"true\" aria-invalid=\"false\" placeholder=\"Subject\" \/><\/span>\n    <\/div>\n    <div class=\"uk-width-1-1\">\n        <span class=\"wpcf7-form-control-wrap client-message\"><textarea name=\"client-message\" cols=\"40\" rows=\"10\" class=\"wpcf7-form-control wpcf7-textarea wpcf7-validates-as-required uk-input uk-form-large\" aria-required=\"true\" aria-invalid=\"false\" placeholder=\"Message\"><\/textarea><\/span>\n    <\/div>\n    <div class=\"uk-width-1-1\">\n        <span class=\"wpcf7-form-control-wrap acceptance-946\"><span class=\"wpcf7-form-control wpcf7-acceptance\"><span class=\"wpcf7-list-item\"><label><input type=\"checkbox\" name=\"acceptance-946\" value=\"1\" aria-invalid=\"false\" class=\"uk-checkbox\" \/><span class=\"wpcf7-list-item-label\">I accept Privacy Policy which is according to the GDPR<\/span><\/label><\/span><\/span><\/span>\n    <\/div>\n<\/div>\n<button id='submit' class='wpcf7-form-control wpcf7-submit uk-button uk-button-primary uk-button-arrow'><span class=\"uk-text-middle\">Send<\/span><span uk-icon=\"long-arrow-right\" class=\"uk-icon\"><\/span><\/button><\/form><\/div><\/div>\n<p><\/p>\n","protected":false},"excerpt":{"rendered":"<p>VPS ROJECTS SIA M\u0113s cien\u0101m j\u016bsu priv\u0101tumu un r\u016bp\u0113jamies par j\u016bsu personas datu apstr\u0101des atbilst\u012bbu likumiem un noteikumiem. J\u016bs varat mums uztic\u0113t savus personas datus. Personas dati &#8211; jebkura inform\u0101cija par identific\u0113tu vai identific\u0113jamu fizisku personu. Priv\u0101tuma politikas m\u0113r\u0137is ir sniegt jums inform\u0101ciju par personas datu apstr\u0101des m\u0113r\u0137i, apjomu, aizsardz\u012bbu, k\u0101 ar\u012b par j\u016bsu ties\u012bb\u0101m. [&hellip;]<\/p>\n","protected":false},"author":1,"featured_media":1898,"parent":0,"menu_order":19,"comment_status":"closed","ping_status":"closed","template":"","meta":[],"_links":{"self":[{"href":"https:\/\/mmaprojects.lv\/lv\/wp-json\/wp\/v2\/pages\/1903"}],"collection":[{"href":"https:\/\/mmaprojects.lv\/lv\/wp-json\/wp\/v2\/pages"}],"about":[{"href":"https:\/\/mmaprojects.lv\/lv\/wp-json\/wp\/v2\/types\/page"}],"author":[{"embeddable":true,"href":"https:\/\/mmaprojects.lv\/lv\/wp-json\/wp\/v2\/users\/1"}],"replies":[{"embeddable":true,"href":"https:\/\/mmaprojects.lv\/lv\/wp-json\/wp\/v2\/comments?post=1903"}],"version-history":[{"count":0,"href":"https:\/\/mmaprojects.lv\/lv\/wp-json\/wp\/v2\/pages\/1903\/revisions"}],"wp:featuredmedia":[{"embeddable":true,"href":"https:\/\/mmaprojects.lv\/lv\/wp-json\/wp\/v2\/media\/1898"}],"wp:attachment":[{"href":"https:\/\/mmaprojects.lv\/lv\/wp-json\/wp\/v2\/media?parent=1903"}],"curies":[{"name":"wp","href":"https:\/\/api.w.org\/{rel}","templated":true}]}}