{"id":1910,"date":"2020-08-14T13:08:46","date_gmt":"2020-08-14T10:08:46","guid":{"rendered":"http:\/\/vp.test\/term-of-use\/"},"modified":"2020-10-19T18:15:51","modified_gmt":"2020-10-19T15:15:51","slug":"term-of-use","status":"publish","type":"page","link":"https:\/\/mmaprojects.lv\/lv\/term-of-use\/","title":{"rendered":"Lieto\u0161anas noteikumi"},"content":{"rendered":"<h2>1. Ievads<\/h2>\n<div>\n<p>\u0160ie pakalpojumu snieg\u0161anas noteikumi regul\u0113 to, k\u0101 j\u016bs izmantojat m\u016bsu vietni, kas atrodas mmaprojects.lv (kop\u0101 vai atsevi\u0161\u0137i \u201cPakalpojums\u201d), kuru vada VPS PROJECTS SIA.<\/p>\n<p>M\u016bsu konfidencialit\u0101tes politika regul\u0113 ar\u012b to, k\u0101 j\u016bs izmantojat m\u016bsu Pakalpojumu, un izskaidro, k\u0101 m\u0113s v\u0101cam, aizsarg\u0101jam un izpau\u017eam inform\u0101ciju, kas rodas, izmantojot m\u016bsu t\u012bmek\u013ca lapu.<\/p>\n<p>J\u016bsu l\u012bgums ar mums ietver \u0161os noteikumus un m\u016bsu konfidencialit\u0101tes politiku (\u201cL\u012bgumi\u201d). J\u016bs atz\u012bstat, ka esat izlas\u012bjis un sapratis L\u012bgumus, un piekr\u012btat tos ieverot.<\/p>\n<p>Ja j\u016bs nepiekr\u012btat (vai nevarat izpild\u012bt) L\u012bgumus, l\u016bgums aizvert m\u0101jaslapu, ta\u010du, l\u016bdzu, inform\u0113jiet m\u016bs, nos\u016btot e-pastu uz info@mmaprojects.lv, lai m\u0113s var\u0113tu m\u0113\u0123in\u0101t rast risin\u0101jumu. \u0160ie noteikumi attiecas uz visiem apmekl\u0113t\u0101jiem, lietot\u0101jiem un citiem, kuri v\u0113las piek\u013c\u016bt Pakalpojumam vai izmantot to.<\/p>\n<\/div>\n<h2>2. Sakari<\/h2>\n<div>\n<p>Izmantojot m\u016bsu pakalpojumu, j\u016bs piekr\u012btat  jaunumiem, m\u0101rketinga vai rekl\u0101mas materi\u0101liem un citu inform\u0101cijai, kuru m\u0113s varam nos\u016bt\u012bt uz J\u016bsu e-pastu. Tom\u0113r j\u016bs varat atteikties no pazi\u0146ojumu sa\u0146em\u0161anas, nos\u016btot e-pastu uz <strong><a href=\"mailto:info@mmaprojects.lv\">info@mmaprojects.lv<\/a><\/strong>.<\/p>\n<\/div>\n<h2>3. Saturs<\/h2>\n<div>\n<p>\u0160aj\u0101 Pakalpojum\u0101 vai ar t\u0101 starpniec\u012bbu atrastais saturs ir VPS PROJECTS SIA \u012bpa\u0161ums vai tiek izmantots ar at\u013cauju. J\u016bs nedr\u012bkstat izplat\u012bt, p\u0101rveidot, p\u0101rs\u016bt\u012bt, atk\u0101rtoti izmantot, lejupiel\u0101d\u0113t, atk\u0101rtoti public\u0113t, kop\u0113t vai izmantot min\u0113to Saturu piln\u012bb\u0101 vai da\u013c\u0113ji komerci\u0101liem m\u0113r\u0137iem vai personiska labuma g\u016b\u0161anai bez iepriek\u0161\u0113jas rakstiskas at\u013caujas.<\/p>\n<\/div>\n<h2>4. Aizliegtie lietojumi<\/h2>\n<div>\n<p>J\u016bs varat izmantot Pakalpojumu tikai likum\u012bgiem m\u0113r\u0137iem un saska\u0146\u0101 ar Noteikumiem. J\u016bs piekr\u012btat neizmantot Pakalpojumu:<\/p>\n<p style=\"padding-left: 40px;\">0.1. Jebkur\u0101 veid\u0101, kas p\u0101rk\u0101pj visus piem\u0113rojamos valsts vai starptautiskos likumus vai noteikumus.<\/p>\n<p style=\"padding-left: 40px;\">0.2. Nepilngad\u012bgo ekspluat\u0101cijas, kait\u0113\u0161anas vai jebk\u0101da veida m\u0113\u0123in\u0101juma izmantot vai kait\u0113t nol\u016bk\u0101 pak\u013caut vi\u0146iem nepiem\u0113rotu saturu vai cit\u0101di.<\/p>\n<p style=\"padding-left: 40px;\">0.3. Lai p\u0101rs\u016bt\u012btu jebkuru rekl\u0101mas vai rekl\u0101mas materi\u0101lu, tostarp \u201cnev\u0113lamu pastu\u201d, \u201c\u0137\u0113des v\u0113stuli\u201d, \u201csurog\u0101tpastu\u201d vai jebkuru citu l\u012bdz\u012bgu aicin\u0101jumu.<\/p>\n<p style=\"padding-left: 40px;\">0.4. Uzdoties vai m\u0113\u0123in\u0101t atdarin\u0101t uz\u0146\u0113mumu, uz\u0146\u0113muma darbinieku, citu lietot\u0101ju vai jebkuru citu personu vai vien\u012bbu.<\/p>\n<\/p>\n<p><strong>Turkl\u0101t j\u016bs piekr\u012btat:<\/strong><\/p>\n<p style=\"padding-left: 40px;\">0.1.Izmantot Pakalpojumu jebk\u0101d\u0101 veid\u0101, kas var\u0113tu atsp\u0113jot, p\u0101rslogot, saboj\u0101t vai pasliktin\u0101t Pakalpojumu vai trauc\u0113t jebkuras citas puses Pakalpojuma lieto\u0161anu, ieskaitot vi\u0146u sp\u0113ju iesaist\u012bties re\u0101llaika darb\u012bb\u0101s, izmantojot Pakalpojumu.<\/p>\n<p style=\"padding-left: 40px;\">0.2. Izmantot jebkuru manu\u0101lu procesu, lai uzraudz\u012btu vai kop\u0113tu jebkuru no Pakalpojum\u0101 eso\u0161ajiem materi\u0101liem vai citiem nesankcion\u0113tiem m\u0113r\u0137iem bez m\u016bsu iepriek\u0161\u0113jas rakstiskas piekri\u0161anas<\/p>\n<p style=\"padding-left: 40px;\">0.3. M\u0113\u0123iniet ieg\u016bt nesankcion\u0113tu piek\u013cuvi jebkurai Pakalpojuma da\u013cai, trauc\u0113t, saboj\u0101t vai trauc\u0113t jebkur\u0101m Pakalpojuma da\u013c\u0101m, serverim, kur\u0101 pakalpojums ir glab\u0101ts, vai jebkuram serverim, datoram vai ar Pakalpojumu savienotai datu b\u0101zei.<\/p>\n<p style=\"padding-left: 40px;\">0.4. Uzbrukuma pakalpojums, izmantojot pakalpojuma atteikuma uzbrukumu vai izplat\u012btu uzbrukuma pakalpojuma atteikumu.<\/p>\n<p style=\"padding-left: 40px;\">0.5. Veikt visas darb\u012bbas, kas var saboj\u0101t vai viltot uz\u0146\u0113muma v\u0113rt\u0113jumu.<\/p>\n<p style=\"padding-left: 40px;\">0.6. M\u0113\u0123iniet trauc\u0113t pareizu dienesta darb\u012bbu.<\/p>\n<\/div>\n<h2>5. Anal\u012bt\u012bka<\/h2>\n<div>M\u0113s varam izmantot tre\u0161o personu pakalpojumu sniedz\u0113jus, lai uzraudz\u012btu un analiz\u0113tu m\u016bsu Pakalpojuma izmanto\u0161anu.<\/div>\n<h2>6. Intelektu\u0101lais \u012bpa\u0161ums<\/h2>\n<div>Pakalpojums un t\u0101 ori\u0123in\u0101lais saturs (iz\u0146emot lietot\u0101ju sniegto saturu), funkcijas un funkcionalit\u0101te ir un paliks VPS PROJECTS SIA ekskluz\u012bvais \u012bpa\u0161ums. Pakalpojumu aizsarg\u0101 autorties\u012bbas, pre\u010du z\u012bmes un citi \u0101rvalstu likumi. M\u016bsu pre\u010du z\u012bmes nedr\u012bkst izmantot saist\u012bb\u0101 ar jebkuru produktu vai pakalpojumu bez iepriek\u0161\u0113jas rakstiskas VPS PROJECTS SIA piekri\u0161anas.<\/div>\n<h2>7. Autorties\u012bbu politika<\/h2>\n<div>\n<p>M\u0113s respekt\u0113jam citu cilv\u0113ku intelektu\u0101l\u0101 \u012bpa\u0161uma ties\u012bbas. M\u016bsu politika ir rea\u0123\u0113t uz vis\u0101m pretenzij\u0101m, ka Pakalpojum\u0101 ievietotais saturs p\u0101rk\u0101pj jebkuras personas vai organiz\u0101cijas autorties\u012bbas vai citas intelektu\u0101l\u0101 \u012bpa\u0161uma ties\u012bbas (\u201cP\u0101rk\u0101pums\u201d).<\/p>\n<p>Ja esat autorties\u012bbu \u012bpa\u0161nieks vai pilnvarots viena v\u0101rd\u0101 un uzskat\u0101t, ka ar autorties\u012bb\u0101m aizsarg\u0101ts darbs ir kop\u0113ts t\u0101d\u0101 veid\u0101, kas ir autorties\u012bbu p\u0101rk\u0101pums, l\u016bdzu, iesniedziet savu pretenziju pa e-pastu uz <a href=\"mailto:info@mmaprojects.lv\"><strong>info@mmaprojects.lv<\/strong><\/a> ar t\u0113mu: \u201cAutorties\u012bbu p\u0101rk\u0101pums\u201d un sav\u0101 pras\u012bb\u0101 iek\u013caujiet detaliz\u0113tu iesp\u0113jam\u0101 p\u0101rk\u0101puma aprakstu.<\/p>\n<p>J\u016bs varat saukt pie atbild\u012bbas par zaud\u0113jumiem (ieskaitot izmaksas un advok\u0101tu honor\u0101rus) par maldino\u0161u inform\u0101ciju vai negodpr\u0101t\u012bg\u0101m pretenzij\u0101m par jebkura ar j\u016bsu autorties\u012bb\u0101m Pakalpojum\u0101 un \/ vai Pakalpojum\u0101 atrast\u0101 Satura p\u0101rk\u0101pumu.<\/p>\n<\/div>\n<h2>8. Pazi\u0146ojums par DMCA un pras\u012bba par autorties\u012bbu p\u0101rk\u0101pumu<\/h2>\n<div>\n<p>J\u016bs varat iesniegt pazi\u0146ojumu saska\u0146\u0101 ar Digit\u0101l\u0101s t\u016bksto\u0161gades autorties\u012bbu likumu (Digit\u0101l\u0101s t\u016bksto\u0161gades autorties\u012bbu likumu), rakstiski sniedzot m\u016bsu autorties\u012bbu a\u0123entam \u0161\u0101du inform\u0101ciju:<\/p>\n<p style=\"padding-left: 40px;\">0.1. t\u0101s personas elektronisks vai fizisks paraksts, kura ir pilnvarota r\u012bkoties autorties\u012bbu intere\u0161u \u012bpa\u0161nieka v\u0101rd\u0101;<\/p>\n<p style=\"padding-left: 40px;\">0.2. ar autorties\u012bb\u0101m aizsarg\u0101t\u0101 darba apraksts, par kuru j\u016bs apgalvojat, ka tas ir p\u0101rk\u0101pts, ieskaitot t\u0101s vietas URL (t.i., t\u012bmek\u013ca lapas adresi), kur\u0101 atrodas ar autorties\u012bb\u0101m aizsarg\u0101ts darbs, vai ar autorties\u012bb\u0101m aizsarg\u0101ta darba kopija;<\/p>\n<p style=\"padding-left: 40px;\">0.3. URL vai citas konkr\u0113tas pakalpojuma atra\u0161an\u0101s vietas identifik\u0101cija, kur\u0101 atrodas materi\u0101ls, par kuru j\u016bs apgalvojat, ka tas p\u0101rk\u0101pj ties\u012bbas;<\/p>\n<p style=\"padding-left: 40px;\">0.4. j\u016bsu adrese, t\u0101lru\u0146a numurs un e-pasta adrese;<\/p>\n<p style=\"padding-left: 40px;\">0.5. j\u016bsu pazi\u0146ojums, ka j\u016bs godpr\u0101t\u012bgi uzskat\u0101t, ka apstr\u012bd\u0113to lietojumu nav at\u013c\u0101vis autorties\u012bbu \u012bpa\u0161nieks, t\u0101 p\u0101rst\u0101vis vai likums;<\/p>\n<p style=\"padding-left: 40px;\">0.6. j\u016bsu pazi\u0146ojums, kas izdar\u012bts, sodot par nepatiesas liec\u012bbas snieg\u0161anu, par to, ka j\u016bsu pazi\u0146ojum\u0101 min\u0113t\u0101 inform\u0101cija ir prec\u012bza un ka j\u016bs esat autorties\u012bbu \u012bpa\u0161nieks vai pilnvarots r\u012bkoties autorties\u012bbu \u012bpa\u0161nieka v\u0101rd\u0101.<\/p>\n<p>J\u016bs varat sazin\u0101ties ar m\u016bsu autorties\u012bbu a\u0123entu pa e-pastu: <strong><a href=\"mailto:info@mmaprojects.lv\">info@mmaprojects.lv<\/a><\/strong>.<\/p>\n<\/div>\n<h2>9. Zi\u0146o\u0161ana par k\u013c\u016bd\u0101m un atsauksmes<\/h2>\n<div>\n<p>J\u016bs varat mums sniegt inform\u0101ciju pa e-pastu <a href=\"mailto:info@mmaprojects.lv\"><strong>info@mmaprojects.lv<\/strong><\/a> par k\u013c\u016bd\u0101m, ieteikumiem uzlabojumiem, idej\u0101m, probl\u0113m\u0101m, s\u016bdz\u012bb\u0101m un citiem jaut\u0101jumiem, kas saist\u012bti ar m\u016bsu Pakalpojumu.<\/p>\n<\/div>\n<h2>10. Valdo\u0161ais likums<\/h2>\n<div>\n<p>\u0160ie Noteikumi tiks p\u0101rvald\u012bti un interpret\u0113ti saska\u0146\u0101 ar Latvijas likumiem.<\/p>\n<p>Ja m\u0113s nepievienojam k\u0101das ties\u012bbas, tas netiks uzskat\u012bts par atteik\u0161anos no \u0161\u012bm ties\u012bb\u0101m. Ja k\u0101dus no \u0161\u012bm Noteikumiem tiesa uzskata par neder\u012bgiem vai neizpild\u0101miem, p\u0101r\u0113jie \u0161ie noteikumi paliks sp\u0113k\u0101.<\/p>\n<\/div>\n<h2>11. Izmai\u0146as pakalpojum\u0101<\/h2>\n<div>M\u0113s paturam ties\u012bbas atsaukt vai groz\u012bt m\u016bsu Pakalpojumu un jebkuru pakalpojumu vai materi\u0101lu, ko m\u0113s sniedzam ar Pakalpojuma starpniec\u012bbu, p\u0113c saviem ieskatiem bez iepriek\u0161\u0113ja br\u012bdin\u0101juma. M\u0113s neb\u016bsim atbild\u012bgi, ja k\u0101da iemesla d\u0113\u013c visa Pakalpojums vai t\u0101 da\u013ca nav pieejama jebkur\u0101 laik\u0101 vai period\u0101. Laiku pa laikam m\u0113s varam ierobe\u017eot piek\u013cuvi da\u017e\u0101m Pakalpojuma da\u013c\u0101m vai visam Pakalpojumam lietot\u0101jiem.<\/div>\n<h2>12. Noteikumu groz\u012bjumi<\/h2>\n<div>\n<p>M\u0113s jebkur\u0101 laik\u0101 varam groz\u012bt Noteikumus, ievietojot labotos noteikumus \u0161aj\u0101 vietn\u0113. J\u016bsu pien\u0101kums ir periodiski p\u0101rskat\u012bt \u0161os Noteikumus.<\/p>\n<p>J\u016bsu turpm\u0101k\u0101 platformas izmanto\u0161ana p\u0113c p\u0101rskat\u012bto noteikumu public\u0113\u0161anas noz\u012bm\u0113, ka j\u016bs piekr\u012btat izmai\u0146\u0101m un t\u0101m piekr\u012btat. Paredzams, ka j\u016bs bie\u017ei p\u0101rbaud\u012bsit \u0161o lapu, lai b\u016btu inform\u0113ts par vis\u0101m izmai\u0146\u0101m, jo \u200b\u200bt\u0101s jums ir saisto\u0161as.<\/p>\n<p>Turpinot piek\u013cuvi m\u016bsu pakalpojumam vai t\u0101 izmanto\u0161anu p\u0113c tam, kad jebkur\u0161 labojums st\u0101jas sp\u0113k\u0101, j\u016bs piekr\u012btat, ka p\u0101rskat\u012btie noteikumi ir saisto\u0161i. Ja j\u016bs nepiekr\u012btat jaunajiem noteikumiem, j\u016bs vairs neesat pilnvarots izmantot pakalpojumu.<\/p>\n<\/div>\n<h2>13. Atteik\u0161an\u0101s un no\u0161\u0137iram\u012bba<\/h2>\n<div>\n<p>Uz\u0146\u0113muma atteik\u0161an\u0101s no jebkura Noteikumos noteikt\u0101 termi\u0146a vai nosac\u012bjuma netiek uzskat\u012bta par turpm\u0101ku vai past\u0101v\u012bgu atteik\u0161anos no \u0161\u0101da termi\u0146a vai nosac\u012bjuma  un jebkura Sabiedr\u012bbas nesp\u0113ja izmantot ties\u012bbas vai noteikumus saska\u0146\u0101 ar Noteikumiem atteik\u0161an\u0101s no \u0161\u0101d\u0101m ties\u012bb\u0101m vai noteikumiem.<\/p>\n<p>Ja k\u0101du noteikumu tiesa vai cita kompetentas jurisdikcijas tiesa uzskata par neder\u012bgu, nelikum\u012bgu vai neizpild\u0101mu k\u0101da iemesla d\u0113\u013c, \u0161\u0101ds noteikums tiek atcelts vai ierobe\u017eots l\u012bdz minimumam, lai p\u0101r\u0113jie  noteikumi turpin\u0101tu darboties piln\u012bb\u0101 un efektivi.<\/p>\n<\/div>\n<h2>14. Izmanto\u0161ana<\/h2>\n<div>IZMANTOJOT PAKALPOJUMUS VAI CITUS MUMS NODRO\u0160IN\u0100TUS PAKALPOJUMUS, J\u016bs ATZ\u012aSTAT, KA J\u016aS IZLAS\u012aJ\u0100T \u0160OS PAKALPOJUMU NOTEIKUMUS UN PIE\u0145EMAT T\u0100S ATBILST\u012aBU.<\/div>\n<h2>15. Sazinaties ar mums<\/h2>\n<div>\n<p>L\u016bdzu, s\u016btiet atsauksmes, koment\u0101rus, tehnisk\u0101 atbalsta piepras\u012bjumus uz e-pastu <a href=\"mailto:info@mmaprojects.lv\"><strong>info@mmaprojects.lv<\/strong><\/a>.<\/p>\n<\/div>\n<h1>\n<p>Have a question? <br \/>Text to us!<\/p>\n<\/h1>\n<div>\n<div role=\"form\" class=\"wpcf7\" id=\"wpcf7-f2061-o1\" lang=\"en-US\" dir=\"ltr\">\n<div class=\"screen-reader-response\"><p role=\"status\" aria-live=\"polite\" aria-atomic=\"true\"><\/p> <ul><\/ul><\/div>\n<form action=\"\/lv\/wp-json\/wp\/v2\/pages\/1910#wpcf7-f2061-o1\" method=\"post\" class=\"wpcf7-form init\" novalidate=\"novalidate\" data-status=\"init\">\n<div style=\"display: none;\">\n<input type=\"hidden\" name=\"_wpcf7\" value=\"2061\" \/>\n<input type=\"hidden\" name=\"_wpcf7_version\" value=\"5.3\" \/>\n<input type=\"hidden\" name=\"_wpcf7_locale\" value=\"en_US\" \/>\n<input type=\"hidden\" name=\"_wpcf7_unit_tag\" value=\"wpcf7-f2061-o1\" \/>\n<input type=\"hidden\" name=\"_wpcf7_container_post\" value=\"0\" \/>\n<input type=\"hidden\" name=\"_wpcf7_posted_data_hash\" value=\"\" \/>\n<\/div>\n<div class=\"wpcf7-response-output\" aria-hidden=\"true\"><\/div>\n<div class=\"uk-grid-large\" uk-grid>\n    <div class=\"uk-width-1-2@s\">\n        <span class=\"wpcf7-form-control-wrap client-name\"><input type=\"text\" name=\"client-name\" value=\"\" size=\"40\" class=\"wpcf7-form-control wpcf7-text wpcf7-validates-as-required uk-input uk-form-large\" aria-required=\"true\" aria-invalid=\"false\" placeholder=\"Name\" \/><\/span>\n    <\/div>\n    <div class=\"uk-width-1-2@s\">\n        <span class=\"wpcf7-form-control-wrap client-phone\"><input type=\"text\" name=\"client-phone\" value=\"\" size=\"40\" class=\"wpcf7-form-control wpcf7-text wpcf7-validates-as-required uk-input uk-form-large\" aria-required=\"true\" aria-invalid=\"false\" placeholder=\"Phone\" \/><\/span>\n    <\/div>\n    <div class=\"uk-width-1-2@s\">\n        <span class=\"wpcf7-form-control-wrap client-email\"><input type=\"email\" name=\"client-email\" value=\"\" size=\"40\" class=\"wpcf7-form-control wpcf7-text wpcf7-email wpcf7-validates-as-required wpcf7-validates-as-email uk-input uk-form-large\" id=\"email\" aria-required=\"true\" aria-invalid=\"false\" placeholder=\"Email\" \/><\/span>\n    <\/div>\n    <div class=\"uk-width-1-2@s\">\n        <span class=\"wpcf7-form-control-wrap client-subject\"><input type=\"text\" name=\"client-subject\" value=\"\" size=\"40\" class=\"wpcf7-form-control wpcf7-text wpcf7-validates-as-required uk-input uk-form-large\" aria-required=\"true\" aria-invalid=\"false\" placeholder=\"Subject\" \/><\/span>\n    <\/div>\n    <div class=\"uk-width-1-1\">\n        <span class=\"wpcf7-form-control-wrap client-message\"><textarea name=\"client-message\" cols=\"40\" rows=\"10\" class=\"wpcf7-form-control wpcf7-textarea wpcf7-validates-as-required uk-input uk-form-large\" aria-required=\"true\" aria-invalid=\"false\" placeholder=\"Message\"><\/textarea><\/span>\n    <\/div>\n    <div class=\"uk-width-1-1\">\n        <span class=\"wpcf7-form-control-wrap acceptance-946\"><span class=\"wpcf7-form-control wpcf7-acceptance\"><span class=\"wpcf7-list-item\"><label><input type=\"checkbox\" name=\"acceptance-946\" value=\"1\" aria-invalid=\"false\" class=\"uk-checkbox\" \/><span class=\"wpcf7-list-item-label\">I accept Privacy Policy which is according to the GDPR<\/span><\/label><\/span><\/span><\/span>\n    <\/div>\n<\/div>\n<button id='submit' class='wpcf7-form-control wpcf7-submit uk-button uk-button-primary uk-button-arrow'><span class=\"uk-text-middle\">Send<\/span><span uk-icon=\"long-arrow-right\" class=\"uk-icon\"><\/span><\/button><\/form><\/div><\/div>\n<p><\/p>\n","protected":false},"excerpt":{"rendered":"<p>1. Ievads \u0160ie pakalpojumu snieg\u0161anas noteikumi regul\u0113 to, k\u0101 j\u016bs izmantojat m\u016bsu vietni, kas atrodas mmaprojects.lv (kop\u0101 vai atsevi\u0161\u0137i \u201cPakalpojums\u201d), kuru vada VPS PROJECTS SIA. M\u016bsu konfidencialit\u0101tes politika regul\u0113 ar\u012b to, k\u0101 j\u016bs izmantojat m\u016bsu Pakalpojumu, un izskaidro, k\u0101 m\u0113s v\u0101cam, aizsarg\u0101jam un izpau\u017eam inform\u0101ciju, kas rodas, izmantojot m\u016bsu t\u012bmek\u013ca lapu. J\u016bsu l\u012bgums ar mums [&hellip;]<\/p>\n","protected":false},"author":1,"featured_media":1898,"parent":0,"menu_order":16,"comment_status":"closed","ping_status":"closed","template":"","meta":[],"_links":{"self":[{"href":"https:\/\/mmaprojects.lv\/lv\/wp-json\/wp\/v2\/pages\/1910"}],"collection":[{"href":"https:\/\/mmaprojects.lv\/lv\/wp-json\/wp\/v2\/pages"}],"about":[{"href":"https:\/\/mmaprojects.lv\/lv\/wp-json\/wp\/v2\/types\/page"}],"author":[{"embeddable":true,"href":"https:\/\/mmaprojects.lv\/lv\/wp-json\/wp\/v2\/users\/1"}],"replies":[{"embeddable":true,"href":"https:\/\/mmaprojects.lv\/lv\/wp-json\/wp\/v2\/comments?post=1910"}],"version-history":[{"count":0,"href":"https:\/\/mmaprojects.lv\/lv\/wp-json\/wp\/v2\/pages\/1910\/revisions"}],"wp:featuredmedia":[{"embeddable":true,"href":"https:\/\/mmaprojects.lv\/lv\/wp-json\/wp\/v2\/media\/1898"}],"wp:attachment":[{"href":"https:\/\/mmaprojects.lv\/lv\/wp-json\/wp\/v2\/media?parent=1910"}],"curies":[{"name":"wp","href":"https:\/\/api.w.org\/{rel}","templated":true}]}}